{"id":123,"date":"2018-06-04T15:30:27","date_gmt":"2018-06-04T13:30:27","guid":{"rendered":"https:\/\/chateau-vaugaudry.fr\/?page_id=123"},"modified":"2024-04-05T12:18:30","modified_gmt":"2024-04-05T10:18:30","slug":"mentions-legales","status":"publish","type":"page","link":"https:\/\/chateau-vaugaudry.fr\/en\/mentions-legales\/","title":{"rendered":"Legal notice"},"content":{"rendered":"<!DOCTYPE html PUBLIC \"-\/\/W3C\/\/DTD HTML 4.0 Transitional\/\/EN\" \"http:\/\/www.w3.org\/TR\/REC-html40\/loose.dtd\">\n<html><head>\n<\/head><body><p>Under Article 6 of Law No. 2004-575 of June 21, 2004 for confidence in the digital economy, users of the site are informed of the identity of the various participants in the context of its creation and its follow-up.<\/p>\n\n\n\n<h2 class=\"wp-block-heading title has-text-cream-dark\">Site owner and editor<\/h2>\n\n\n\n<p><strong>SCEA Ch&acirc;teau de Vaugaudry<\/strong><br>51 rue du Vausserein<br>37500 Chinon<\/p>\n\n\n\n<p>T&eacute;l. : <a href=\"tel:+330247931351\">02 47 93 13 51<\/a><\/p>\n\n\n\n<h2 class=\"wp-block-heading title has-text-cream-dark\">Development<\/h2>\n\n\n\n<p><a href=\"https:\/\/yaka-crea.fr\" target=\"_blank\" rel=\"noreferrer noopener\">yaka-crea.fr<\/a><\/p>\n\n\n\n<h2 class=\"wp-block-heading title has-text-cream-dark\">Web hosting<\/h2>\n\n\n\n<p><strong>OVH<\/strong><br>2 rue Kellermann<br>BP 80157<br>59053 Roubaix cedex 1<\/p>\n<\/body><\/html>","protected":false},"excerpt":{"rendered":"<p>En vertu de l&rsquo;article 6 de la loi n&deg; 2004-575 du 21 juin 2004 pour la confiance dans l&rsquo;&eacute;conomie num&eacute;rique, il est pr&eacute;cis&eacute; aux utilisateurs du site, l&rsquo;identit&eacute; des diff&eacute;rents intervenants dans le cadre de sa r&eacute;alisation et de son suivi. Propri&eacute;taire et &eacute;diteur du site SCEA Ch&acirc;teau de Vaugaudry51 rue du Vausserein37500 Chinon T&eacute;l. [&hellip;]<\/p>\n","protected":false},"author":1,"featured_media":1002,"parent":0,"menu_order":0,"comment_status":"closed","ping_status":"closed","template":"","meta":{"_acf_changed":false,"footnotes":""},"class_list":["post-123","page","type-page","status-publish","has-post-thumbnail","hentry"],"acf":[],"yoast_head":"<!-- This site is optimized with the Yoast SEO plugin v27.3 - https:\/\/yoast.com\/product\/yoast-seo-wordpress\/ -->\n<title>Mentions l\u00e9gales - Ch\u00e2teau de Vaugaudry<\/title>\n<meta name=\"description\" content=\"Consulteez les mentions l\u00e9gales de notre site internet.\" \/>\n<meta name=\"robots\" content=\"index, follow, max-snippet:-1, max-image-preview:large, max-video-preview:-1\" \/>\n<link rel=\"canonical\" href=\"https:\/\/chateau-vaugaudry.fr\/en\/mentions-legales\/\" \/>\n<meta property=\"og:locale\" content=\"en_GB\" \/>\n<meta property=\"og:type\" content=\"article\" \/>\n<meta property=\"og:title\" content=\"Mentions l\u00e9gales - Ch\u00e2teau de Vaugaudry\" \/>\n<meta property=\"og:description\" content=\"Consulteez les mentions l\u00e9gales de notre site internet.\" \/>\n<meta property=\"og:url\" content=\"https:\/\/chateau-vaugaudry.fr\/en\/mentions-legales\/\" \/>\n<meta property=\"og:site_name\" content=\"Ch\u00e2teau de Vaugaudry\" \/>\n<meta property=\"article:modified_time\" content=\"2024-04-05T10:18:30+00:00\" \/>\n<meta property=\"og:image\" content=\"https:\/\/chateau-vaugaudry.fr\/wp-content\/uploads\/chateau-de-vaugaudry-10.jpg\" \/>\n\t<meta property=\"og:image:width\" content=\"1920\" \/>\n\t<meta property=\"og:image:height\" content=\"1280\" \/>\n\t<meta property=\"og:image:type\" content=\"image\/jpeg\" \/>\n<meta name=\"twitter:card\" content=\"summary_large_image\" \/>\n<meta name=\"twitter:label1\" content=\"Est. reading time\" \/>\n\t<meta name=\"twitter:data1\" content=\"1 minute\" \/>\n<script type=\"application\/ld+json\" class=\"yoast-schema-graph\">{\"@context\":\"https:\\\/\\\/schema.org\",\"@graph\":[{\"@type\":\"WebPage\",\"@id\":\"https:\\\/\\\/chateau-vaugaudry.fr\\\/mentions-legales\\\/\",\"url\":\"https:\\\/\\\/chateau-vaugaudry.fr\\\/mentions-legales\\\/\",\"name\":\"Mentions l\u00e9gales - Ch\u00e2teau de Vaugaudry\",\"isPartOf\":{\"@id\":\"https:\\\/\\\/chateau-vaugaudry.fr\\\/#website\"},\"primaryImageOfPage\":{\"@id\":\"https:\\\/\\\/chateau-vaugaudry.fr\\\/mentions-legales\\\/#primaryimage\"},\"image\":{\"@id\":\"https:\\\/\\\/chateau-vaugaudry.fr\\\/mentions-legales\\\/#primaryimage\"},\"thumbnailUrl\":\"https:\\\/\\\/chateau-vaugaudry.fr\\\/wp-content\\\/uploads\\\/chateau-de-vaugaudry-10.jpg\",\"datePublished\":\"2018-06-04T13:30:27+00:00\",\"dateModified\":\"2024-04-05T10:18:30+00:00\",\"description\":\"Consulteez les mentions l\u00e9gales de notre site internet.\",\"inLanguage\":\"en-GB\",\"potentialAction\":[{\"@type\":\"ReadAction\",\"target\":[\"https:\\\/\\\/chateau-vaugaudry.fr\\\/mentions-legales\\\/\"]}]},{\"@type\":\"ImageObject\",\"inLanguage\":\"en-GB\",\"@id\":\"https:\\\/\\\/chateau-vaugaudry.fr\\\/mentions-legales\\\/#primaryimage\",\"url\":\"https:\\\/\\\/chateau-vaugaudry.fr\\\/wp-content\\\/uploads\\\/chateau-de-vaugaudry-10.jpg\",\"contentUrl\":\"https:\\\/\\\/chateau-vaugaudry.fr\\\/wp-content\\\/uploads\\\/chateau-de-vaugaudry-10.jpg\",\"width\":1920,\"height\":1280},{\"@type\":\"WebSite\",\"@id\":\"https:\\\/\\\/chateau-vaugaudry.fr\\\/#website\",\"url\":\"https:\\\/\\\/chateau-vaugaudry.fr\\\/\",\"name\":\"Ch\u00e2teau de Vaugaudry\",\"description\":\"Vins de Chinon et g\u00eetes en Touraine\",\"publisher\":{\"@id\":\"https:\\\/\\\/chateau-vaugaudry.fr\\\/#organization\"},\"potentialAction\":[{\"@type\":\"SearchAction\",\"target\":{\"@type\":\"EntryPoint\",\"urlTemplate\":\"https:\\\/\\\/chateau-vaugaudry.fr\\\/?s={search_term_string}\"},\"query-input\":{\"@type\":\"PropertyValueSpecification\",\"valueRequired\":true,\"valueName\":\"search_term_string\"}}],\"inLanguage\":\"en-GB\"},{\"@type\":\"Organization\",\"@id\":\"https:\\\/\\\/chateau-vaugaudry.fr\\\/#organization\",\"name\":\"Ch\u00e2teau de Vaugaudry\",\"url\":\"https:\\\/\\\/chateau-vaugaudry.fr\\\/\",\"logo\":{\"@type\":\"ImageObject\",\"inLanguage\":\"en-GB\",\"@id\":\"https:\\\/\\\/chateau-vaugaudry.fr\\\/#\\\/schema\\\/logo\\\/image\\\/\",\"url\":\"https:\\\/\\\/chateau-vaugaudry.fr\\\/wp-content\\\/uploads\\\/logo-vaugaudry.jpg\",\"contentUrl\":\"https:\\\/\\\/chateau-vaugaudry.fr\\\/wp-content\\\/uploads\\\/logo-vaugaudry.jpg\",\"width\":512,\"height\":512,\"caption\":\"Ch\u00e2teau de Vaugaudry\"},\"image\":{\"@id\":\"https:\\\/\\\/chateau-vaugaudry.fr\\\/#\\\/schema\\\/logo\\\/image\\\/\"}}]}<\/script>\n<!-- \/ Yoast SEO plugin. -->","yoast_head_json":{"title":"Mentions l\u00e9gales - Ch\u00e2teau de Vaugaudry","description":"Consulteez les mentions l\u00e9gales de notre site internet.","robots":{"index":"index","follow":"follow","max-snippet":"max-snippet:-1","max-image-preview":"max-image-preview:large","max-video-preview":"max-video-preview:-1"},"canonical":"https:\/\/chateau-vaugaudry.fr\/en\/mentions-legales\/","og_locale":"en_GB","og_type":"article","og_title":"Mentions l\u00e9gales - Ch\u00e2teau de Vaugaudry","og_description":"Consulteez les mentions l\u00e9gales de notre site internet.","og_url":"https:\/\/chateau-vaugaudry.fr\/en\/mentions-legales\/","og_site_name":"Ch\u00e2teau de Vaugaudry","article_modified_time":"2024-04-05T10:18:30+00:00","og_image":[{"width":1920,"height":1280,"url":"https:\/\/chateau-vaugaudry.fr\/wp-content\/uploads\/chateau-de-vaugaudry-10.jpg","type":"image\/jpeg"}],"twitter_card":"summary_large_image","twitter_misc":{"Est. reading time":"1 minute"},"schema":{"@context":"https:\/\/schema.org","@graph":[{"@type":"WebPage","@id":"https:\/\/chateau-vaugaudry.fr\/mentions-legales\/","url":"https:\/\/chateau-vaugaudry.fr\/mentions-legales\/","name":"Mentions l\u00e9gales - Ch\u00e2teau de Vaugaudry","isPartOf":{"@id":"https:\/\/chateau-vaugaudry.fr\/#website"},"primaryImageOfPage":{"@id":"https:\/\/chateau-vaugaudry.fr\/mentions-legales\/#primaryimage"},"image":{"@id":"https:\/\/chateau-vaugaudry.fr\/mentions-legales\/#primaryimage"},"thumbnailUrl":"https:\/\/chateau-vaugaudry.fr\/wp-content\/uploads\/chateau-de-vaugaudry-10.jpg","datePublished":"2018-06-04T13:30:27+00:00","dateModified":"2024-04-05T10:18:30+00:00","description":"Consulteez les mentions l\u00e9gales de notre site internet.","inLanguage":"en-GB","potentialAction":[{"@type":"ReadAction","target":["https:\/\/chateau-vaugaudry.fr\/mentions-legales\/"]}]},{"@type":"ImageObject","inLanguage":"en-GB","@id":"https:\/\/chateau-vaugaudry.fr\/mentions-legales\/#primaryimage","url":"https:\/\/chateau-vaugaudry.fr\/wp-content\/uploads\/chateau-de-vaugaudry-10.jpg","contentUrl":"https:\/\/chateau-vaugaudry.fr\/wp-content\/uploads\/chateau-de-vaugaudry-10.jpg","width":1920,"height":1280},{"@type":"WebSite","@id":"https:\/\/chateau-vaugaudry.fr\/#website","url":"https:\/\/chateau-vaugaudry.fr\/","name":"Ch\u00e2teau de Vaugaudry","description":"Vins de Chinon et g\u00eetes en Touraine","publisher":{"@id":"https:\/\/chateau-vaugaudry.fr\/#organization"},"potentialAction":[{"@type":"SearchAction","target":{"@type":"EntryPoint","urlTemplate":"https:\/\/chateau-vaugaudry.fr\/?s={search_term_string}"},"query-input":{"@type":"PropertyValueSpecification","valueRequired":true,"valueName":"search_term_string"}}],"inLanguage":"en-GB"},{"@type":"Organization","@id":"https:\/\/chateau-vaugaudry.fr\/#organization","name":"Ch\u00e2teau de Vaugaudry","url":"https:\/\/chateau-vaugaudry.fr\/","logo":{"@type":"ImageObject","inLanguage":"en-GB","@id":"https:\/\/chateau-vaugaudry.fr\/#\/schema\/logo\/image\/","url":"https:\/\/chateau-vaugaudry.fr\/wp-content\/uploads\/logo-vaugaudry.jpg","contentUrl":"https:\/\/chateau-vaugaudry.fr\/wp-content\/uploads\/logo-vaugaudry.jpg","width":512,"height":512,"caption":"Ch\u00e2teau de Vaugaudry"},"image":{"@id":"https:\/\/chateau-vaugaudry.fr\/#\/schema\/logo\/image\/"}}]}},"_links":{"self":[{"href":"https:\/\/chateau-vaugaudry.fr\/en\/wp-json\/wp\/v2\/pages\/123","targetHints":{"allow":["GET"]}}],"collection":[{"href":"https:\/\/chateau-vaugaudry.fr\/en\/wp-json\/wp\/v2\/pages"}],"about":[{"href":"https:\/\/chateau-vaugaudry.fr\/en\/wp-json\/wp\/v2\/types\/page"}],"author":[{"embeddable":true,"href":"https:\/\/chateau-vaugaudry.fr\/en\/wp-json\/wp\/v2\/users\/1"}],"replies":[{"embeddable":true,"href":"https:\/\/chateau-vaugaudry.fr\/en\/wp-json\/wp\/v2\/comments?post=123"}],"version-history":[{"count":8,"href":"https:\/\/chateau-vaugaudry.fr\/en\/wp-json\/wp\/v2\/pages\/123\/revisions"}],"predecessor-version":[{"id":947,"href":"https:\/\/chateau-vaugaudry.fr\/en\/wp-json\/wp\/v2\/pages\/123\/revisions\/947"}],"wp:featuredmedia":[{"embeddable":true,"href":"https:\/\/chateau-vaugaudry.fr\/en\/wp-json\/wp\/v2\/media\/1002"}],"wp:attachment":[{"href":"https:\/\/chateau-vaugaudry.fr\/en\/wp-json\/wp\/v2\/media?parent=123"}],"curies":[{"name":"wp","href":"https:\/\/api.w.org\/{rel}","templated":true}]}}