{"id":2,"date":"2018-04-20T11:26:53","date_gmt":"2018-04-20T09:26:53","guid":{"rendered":"https:\/\/chateau-vaugaudry.fr\/?page_id=2"},"modified":"2024-04-05T12:55:42","modified_gmt":"2024-04-05T10:55:42","slug":"chateau-de-vaugaudry","status":"publish","type":"page","link":"https:\/\/chateau-vaugaudry.fr\/en\/","title":{"rendered":"Ch\u00e2teau de Vaugaudry"},"content":{"rendered":"<!DOCTYPE html PUBLIC \"-\/\/W3C\/\/DTD HTML 4.0 Transitional\/\/EN\" \"http:\/\/www.w3.org\/TR\/REC-html40\/loose.dtd\">\n<html><head>\n<\/head><body><p>Beautiful property located in the town of Chinon, 2 km from the city center, the Ch\u00e2teau de Vaugaudry faces the city and the old fortress of Chinon, on the left bank of the Vienne.<\/p>\n\n\n\n<p>The continuous vineyard benefits from a privileged microclimate, notably thanks to the wall which completely surrounds it. We produce red, ros\u00e9 and white wine, the latter being organic.<\/p>\n\n\n\n<p>Our three g\u00eetes, located on the property, combine the calm of the countryside and integration into the wine world.<\/p>\n<\/body><\/html>","protected":false},"excerpt":{"rendered":"<p>Belle propri&eacute;t&eacute; situ&eacute;e sur la commune de Chinon, &agrave; 2 km du centre-ville, le Ch&acirc;teau de Vaugaudry fait face &agrave; la ville et &agrave; la vieille forteresse de Chinon, sur la rive gauche de la Vienne. Le vignoble d&rsquo;un seul tenant b&eacute;n&eacute;ficie d&rsquo;un microclimat privil&eacute;gi&eacute;, notamment gr&acirc;ce au mur qui l&rsquo;entoure enti&egrave;rement. Nous produisons du [&hellip;]<\/p>\n","protected":false},"author":1,"featured_media":993,"parent":0,"menu_order":0,"comment_status":"closed","ping_status":"open","template":"","meta":{"_acf_changed":false,"footnotes":""},"class_list":["post-2","page","type-page","status-publish","has-post-thumbnail","hentry"],"acf":[],"yoast_head":"<!-- This site is optimized with the Yoast SEO plugin v27.3 - https:\/\/yoast.com\/product\/yoast-seo-wordpress\/ -->\n<title>Ch\u00e2teau de Vaugaudry - Vins de Chinon - G\u00eetes en Touraine \/ Centre-Val de Loire<\/title>\n<meta name=\"description\" content=\"Le ch\u00e2teau de Vaugaudry produit des vins de Chinon rouge, blanc et ros\u00e9. Nos 3 g\u00eetes \u00e0 Chinon sont \u00e0 votre dispositon dans la propri\u00e9t\u00e9.\" \/>\n<meta name=\"robots\" content=\"index, follow, max-snippet:-1, max-image-preview:large, max-video-preview:-1\" \/>\n<link rel=\"canonical\" href=\"https:\/\/chateau-vaugaudry.fr\/en\/\" \/>\n<meta property=\"og:locale\" content=\"en_GB\" \/>\n<meta property=\"og:type\" content=\"article\" \/>\n<meta property=\"og:title\" content=\"Ch\u00e2teau de Vaugaudry - Vins de Chinon - G\u00eetes en Touraine \/ Centre-Val de Loire\" \/>\n<meta property=\"og:description\" content=\"Le ch\u00e2teau de Vaugaudry produit des vins de Chinon rouge, blanc et ros\u00e9. Nos 3 g\u00eetes \u00e0 Chinon sont \u00e0 votre dispositon dans la propri\u00e9t\u00e9.\" \/>\n<meta property=\"og:url\" content=\"https:\/\/chateau-vaugaudry.fr\/en\/\" \/>\n<meta property=\"og:site_name\" content=\"Ch\u00e2teau de Vaugaudry\" \/>\n<meta property=\"article:modified_time\" content=\"2024-04-05T10:55:42+00:00\" \/>\n<meta property=\"og:image\" content=\"https:\/\/chateau-vaugaudry.fr\/wp-content\/uploads\/chateau-de-vaugaudry-01.jpg\" \/>\n\t<meta property=\"og:image:width\" content=\"1920\" \/>\n\t<meta property=\"og:image:height\" content=\"1280\" \/>\n\t<meta property=\"og:image:type\" content=\"image\/jpeg\" \/>\n<meta name=\"twitter:card\" content=\"summary_large_image\" \/>\n<meta name=\"twitter:label1\" content=\"Est. reading time\" \/>\n\t<meta name=\"twitter:data1\" content=\"1 minute\" \/>\n<script type=\"application\/ld+json\" class=\"yoast-schema-graph\">{\"@context\":\"https:\\\/\\\/schema.org\",\"@graph\":[{\"@type\":\"WebPage\",\"@id\":\"https:\\\/\\\/chateau-vaugaudry.fr\\\/\",\"url\":\"https:\\\/\\\/chateau-vaugaudry.fr\\\/\",\"name\":\"Ch\u00e2teau de Vaugaudry - Vins de Chinon - G\u00eetes en Touraine \\\/ Centre-Val de Loire\",\"isPartOf\":{\"@id\":\"https:\\\/\\\/chateau-vaugaudry.fr\\\/#website\"},\"primaryImageOfPage\":{\"@id\":\"https:\\\/\\\/chateau-vaugaudry.fr\\\/#primaryimage\"},\"image\":{\"@id\":\"https:\\\/\\\/chateau-vaugaudry.fr\\\/#primaryimage\"},\"thumbnailUrl\":\"https:\\\/\\\/chateau-vaugaudry.fr\\\/wp-content\\\/uploads\\\/chateau-de-vaugaudry-01.jpg\",\"datePublished\":\"2018-04-20T09:26:53+00:00\",\"dateModified\":\"2024-04-05T10:55:42+00:00\",\"description\":\"Le ch\u00e2teau de Vaugaudry produit des vins de Chinon rouge, blanc et ros\u00e9. Nos 3 g\u00eetes \u00e0 Chinon sont \u00e0 votre dispositon dans la propri\u00e9t\u00e9.\",\"inLanguage\":\"en-GB\",\"potentialAction\":[{\"@type\":\"ReadAction\",\"target\":[\"https:\\\/\\\/chateau-vaugaudry.fr\\\/\"]}]},{\"@type\":\"ImageObject\",\"inLanguage\":\"en-GB\",\"@id\":\"https:\\\/\\\/chateau-vaugaudry.fr\\\/#primaryimage\",\"url\":\"https:\\\/\\\/chateau-vaugaudry.fr\\\/wp-content\\\/uploads\\\/chateau-de-vaugaudry-01.jpg\",\"contentUrl\":\"https:\\\/\\\/chateau-vaugaudry.fr\\\/wp-content\\\/uploads\\\/chateau-de-vaugaudry-01.jpg\",\"width\":1920,\"height\":1280},{\"@type\":\"WebSite\",\"@id\":\"https:\\\/\\\/chateau-vaugaudry.fr\\\/#website\",\"url\":\"https:\\\/\\\/chateau-vaugaudry.fr\\\/\",\"name\":\"Ch\u00e2teau de Vaugaudry\",\"description\":\"Vins de Chinon et g\u00eetes en Touraine\",\"publisher\":{\"@id\":\"https:\\\/\\\/chateau-vaugaudry.fr\\\/#organization\"},\"potentialAction\":[{\"@type\":\"SearchAction\",\"target\":{\"@type\":\"EntryPoint\",\"urlTemplate\":\"https:\\\/\\\/chateau-vaugaudry.fr\\\/?s={search_term_string}\"},\"query-input\":{\"@type\":\"PropertyValueSpecification\",\"valueRequired\":true,\"valueName\":\"search_term_string\"}}],\"inLanguage\":\"en-GB\"},{\"@type\":\"Organization\",\"@id\":\"https:\\\/\\\/chateau-vaugaudry.fr\\\/#organization\",\"name\":\"Ch\u00e2teau de Vaugaudry\",\"url\":\"https:\\\/\\\/chateau-vaugaudry.fr\\\/\",\"logo\":{\"@type\":\"ImageObject\",\"inLanguage\":\"en-GB\",\"@id\":\"https:\\\/\\\/chateau-vaugaudry.fr\\\/#\\\/schema\\\/logo\\\/image\\\/\",\"url\":\"https:\\\/\\\/chateau-vaugaudry.fr\\\/wp-content\\\/uploads\\\/logo-vaugaudry.jpg\",\"contentUrl\":\"https:\\\/\\\/chateau-vaugaudry.fr\\\/wp-content\\\/uploads\\\/logo-vaugaudry.jpg\",\"width\":512,\"height\":512,\"caption\":\"Ch\u00e2teau de Vaugaudry\"},\"image\":{\"@id\":\"https:\\\/\\\/chateau-vaugaudry.fr\\\/#\\\/schema\\\/logo\\\/image\\\/\"}}]}<\/script>\n<!-- \/ Yoast SEO plugin. -->","yoast_head_json":{"title":"Ch\u00e2teau de Vaugaudry - Vins de Chinon - G\u00eetes en Touraine \/ Centre-Val de Loire","description":"Le ch\u00e2teau de Vaugaudry produit des vins de Chinon rouge, blanc et ros\u00e9. Nos 3 g\u00eetes \u00e0 Chinon sont \u00e0 votre dispositon dans la propri\u00e9t\u00e9.","robots":{"index":"index","follow":"follow","max-snippet":"max-snippet:-1","max-image-preview":"max-image-preview:large","max-video-preview":"max-video-preview:-1"},"canonical":"https:\/\/chateau-vaugaudry.fr\/en\/","og_locale":"en_GB","og_type":"article","og_title":"Ch\u00e2teau de Vaugaudry - Vins de Chinon - G\u00eetes en Touraine \/ Centre-Val de Loire","og_description":"Le ch\u00e2teau de Vaugaudry produit des vins de Chinon rouge, blanc et ros\u00e9. Nos 3 g\u00eetes \u00e0 Chinon sont \u00e0 votre dispositon dans la propri\u00e9t\u00e9.","og_url":"https:\/\/chateau-vaugaudry.fr\/en\/","og_site_name":"Ch\u00e2teau de Vaugaudry","article_modified_time":"2024-04-05T10:55:42+00:00","og_image":[{"width":1920,"height":1280,"url":"https:\/\/chateau-vaugaudry.fr\/wp-content\/uploads\/chateau-de-vaugaudry-01.jpg","type":"image\/jpeg"}],"twitter_card":"summary_large_image","twitter_misc":{"Est. reading time":"1 minute"},"schema":{"@context":"https:\/\/schema.org","@graph":[{"@type":"WebPage","@id":"https:\/\/chateau-vaugaudry.fr\/","url":"https:\/\/chateau-vaugaudry.fr\/","name":"Ch\u00e2teau de Vaugaudry - Vins de Chinon - G\u00eetes en Touraine \/ Centre-Val de Loire","isPartOf":{"@id":"https:\/\/chateau-vaugaudry.fr\/#website"},"primaryImageOfPage":{"@id":"https:\/\/chateau-vaugaudry.fr\/#primaryimage"},"image":{"@id":"https:\/\/chateau-vaugaudry.fr\/#primaryimage"},"thumbnailUrl":"https:\/\/chateau-vaugaudry.fr\/wp-content\/uploads\/chateau-de-vaugaudry-01.jpg","datePublished":"2018-04-20T09:26:53+00:00","dateModified":"2024-04-05T10:55:42+00:00","description":"Le ch\u00e2teau de Vaugaudry produit des vins de Chinon rouge, blanc et ros\u00e9. Nos 3 g\u00eetes \u00e0 Chinon sont \u00e0 votre dispositon dans la propri\u00e9t\u00e9.","inLanguage":"en-GB","potentialAction":[{"@type":"ReadAction","target":["https:\/\/chateau-vaugaudry.fr\/"]}]},{"@type":"ImageObject","inLanguage":"en-GB","@id":"https:\/\/chateau-vaugaudry.fr\/#primaryimage","url":"https:\/\/chateau-vaugaudry.fr\/wp-content\/uploads\/chateau-de-vaugaudry-01.jpg","contentUrl":"https:\/\/chateau-vaugaudry.fr\/wp-content\/uploads\/chateau-de-vaugaudry-01.jpg","width":1920,"height":1280},{"@type":"WebSite","@id":"https:\/\/chateau-vaugaudry.fr\/#website","url":"https:\/\/chateau-vaugaudry.fr\/","name":"Ch\u00e2teau de Vaugaudry","description":"Vins de Chinon et g\u00eetes en Touraine","publisher":{"@id":"https:\/\/chateau-vaugaudry.fr\/#organization"},"potentialAction":[{"@type":"SearchAction","target":{"@type":"EntryPoint","urlTemplate":"https:\/\/chateau-vaugaudry.fr\/?s={search_term_string}"},"query-input":{"@type":"PropertyValueSpecification","valueRequired":true,"valueName":"search_term_string"}}],"inLanguage":"en-GB"},{"@type":"Organization","@id":"https:\/\/chateau-vaugaudry.fr\/#organization","name":"Ch\u00e2teau de Vaugaudry","url":"https:\/\/chateau-vaugaudry.fr\/","logo":{"@type":"ImageObject","inLanguage":"en-GB","@id":"https:\/\/chateau-vaugaudry.fr\/#\/schema\/logo\/image\/","url":"https:\/\/chateau-vaugaudry.fr\/wp-content\/uploads\/logo-vaugaudry.jpg","contentUrl":"https:\/\/chateau-vaugaudry.fr\/wp-content\/uploads\/logo-vaugaudry.jpg","width":512,"height":512,"caption":"Ch\u00e2teau de Vaugaudry"},"image":{"@id":"https:\/\/chateau-vaugaudry.fr\/#\/schema\/logo\/image\/"}}]}},"_links":{"self":[{"href":"https:\/\/chateau-vaugaudry.fr\/en\/wp-json\/wp\/v2\/pages\/2","targetHints":{"allow":["GET"]}}],"collection":[{"href":"https:\/\/chateau-vaugaudry.fr\/en\/wp-json\/wp\/v2\/pages"}],"about":[{"href":"https:\/\/chateau-vaugaudry.fr\/en\/wp-json\/wp\/v2\/types\/page"}],"author":[{"embeddable":true,"href":"https:\/\/chateau-vaugaudry.fr\/en\/wp-json\/wp\/v2\/users\/1"}],"replies":[{"embeddable":true,"href":"https:\/\/chateau-vaugaudry.fr\/en\/wp-json\/wp\/v2\/comments?post=2"}],"version-history":[{"count":2,"href":"https:\/\/chateau-vaugaudry.fr\/en\/wp-json\/wp\/v2\/pages\/2\/revisions"}],"predecessor-version":[{"id":888,"href":"https:\/\/chateau-vaugaudry.fr\/en\/wp-json\/wp\/v2\/pages\/2\/revisions\/888"}],"wp:featuredmedia":[{"embeddable":true,"href":"https:\/\/chateau-vaugaudry.fr\/en\/wp-json\/wp\/v2\/media\/993"}],"wp:attachment":[{"href":"https:\/\/chateau-vaugaudry.fr\/en\/wp-json\/wp\/v2\/media?parent=2"}],"curies":[{"name":"wp","href":"https:\/\/api.w.org\/{rel}","templated":true}]}}