{"id":74,"date":"2018-05-31T11:28:14","date_gmt":"2018-05-31T09:28:14","guid":{"rendered":"https:\/\/chateau-vaugaudry.fr\/?page_id=74"},"modified":"2024-04-16T10:08:48","modified_gmt":"2024-04-16T08:08:48","slug":"le-domaine","status":"publish","type":"page","link":"https:\/\/chateau-vaugaudry.fr\/en\/le-domaine\/","title":{"rendered":"The domain"},"content":{"rendered":"<!DOCTYPE html PUBLIC \"-\/\/W3C\/\/DTD HTML 4.0 Transitional\/\/EN\" \"http:\/\/www.w3.org\/TR\/REC-html40\/loose.dtd\">\n<html><head>\n<\/head><body><p>From the XVIth century the neighbouring seigneuries of Vaugaudry and Plessis-Gerbault already belonged to the same family, since the first known lords were Jacques Pommier for Vaugaudry and Jean Pommier for Plessis-Gerbault.<\/p>\n\n\n\n<p>In the XVIIth century the two seigneuries became the property of an important family of magistrates established in Chinon since the XVth century, the Dreux. In 1680, Anne Fran\u00e7oise Catherine, wife of Philippe Dreux, ma\u00eetre des requ\u00eates and advisor to the King, hit the headlines for her relations with the Duke of Richelieu and her compromise in the \u201cLa Voisin\u201d poison case.<\/p>\n\n\n\n<p>In the XIXth century, the owner, Senator Joubert, reshaped the property by building the current castle on a new location, around 100 meters from the old noble house of Vaugaudry.<\/p>\n\n\n\n<p>This location was chosen because it takes full advantage of the beautiful view of the Chinon fortress. He also undertook to build a wall surrounding the property\u2019s 58 hectares.<\/p>\n\n\n\n<p>The cultivation of vines, which had been practiced there for a very long time (see Rabelais), intensified from that time on. The winery was built at that time, as evidenced by a mosaic and a drawing which decorate its walls and bear the date of \u201c1903\u201d.<\/p>\n\n\n\n<p>Between the two wars, repeated changes of owners, poor sales of Loire wines, and the attraction for competing crops, led to significantly reduce the Ch\u00e2teau de Vaugaudry vineyard.<\/p>\n\n\n\n<p>In 1949, the property was finally acquired by Doctor Bonnet, grandfather of the current manager. Since 1980, a return to vines has been initiated and the vineyard now reaches 15 hectares.<\/p>\n<\/body><\/html>","protected":false},"excerpt":{"rendered":"<p>D\u00e9couvrez le Ch\u00e2teau de Vaugaudry, un domaine s\u00e9culaire o\u00f9 se m\u00ealent histoires de familles, intrigues royales et passion pour la vigne. Plongez-vous dans un r\u00e9cit captivant o\u00f9 chaque pierre raconte une saga unique, entre pass\u00e9 glorieux et renouveau viticole. Une lecture qui \u00e9veille les sens et invite \u00e0 explorer un univers charg\u00e9 d&rsquo;\u00e9motions et de myst\u00e8res.<\/p>","protected":false},"author":1,"featured_media":995,"parent":0,"menu_order":0,"comment_status":"closed","ping_status":"open","template":"","meta":{"_acf_changed":false,"footnotes":""},"class_list":["post-74","page","type-page","status-publish","has-post-thumbnail","hentry"],"acf":[],"yoast_head":"<!-- This site is optimized with the Yoast SEO plugin v27.3 - https:\/\/yoast.com\/product\/yoast-seo-wordpress\/ -->\n<title>D\u00e9couvrez l&#039;historique du domaine et de notre vignoble<\/title>\n<meta name=\"description\" content=\"D\u00e9couvrez l&#039;historique du domaine ch\u00e2teau de Vaugaudry et notre vignoble.\" \/>\n<meta name=\"robots\" content=\"index, follow, max-snippet:-1, max-image-preview:large, max-video-preview:-1\" \/>\n<link rel=\"canonical\" href=\"https:\/\/chateau-vaugaudry.fr\/en\/le-domaine\/\" \/>\n<meta property=\"og:locale\" content=\"en_GB\" \/>\n<meta property=\"og:type\" content=\"article\" \/>\n<meta property=\"og:title\" content=\"D\u00e9couvrez l&#039;historique du domaine et de notre vignoble\" \/>\n<meta property=\"og:description\" content=\"D\u00e9couvrez l&#039;historique du domaine ch\u00e2teau de Vaugaudry et notre vignoble.\" \/>\n<meta property=\"og:url\" content=\"https:\/\/chateau-vaugaudry.fr\/en\/le-domaine\/\" \/>\n<meta property=\"og:site_name\" content=\"Ch\u00e2teau de Vaugaudry\" \/>\n<meta property=\"article:modified_time\" content=\"2024-04-16T08:08:48+00:00\" \/>\n<meta property=\"og:image\" content=\"https:\/\/chateau-vaugaudry.fr\/wp-content\/uploads\/chateau-de-vaugaudry-03.jpg\" \/>\n\t<meta property=\"og:image:width\" content=\"1920\" \/>\n\t<meta property=\"og:image:height\" content=\"1280\" \/>\n\t<meta property=\"og:image:type\" content=\"image\/jpeg\" \/>\n<meta name=\"twitter:card\" content=\"summary_large_image\" \/>\n<meta name=\"twitter:label1\" content=\"Est. reading time\" \/>\n\t<meta name=\"twitter:data1\" content=\"2 minutes\" \/>\n<script type=\"application\/ld+json\" class=\"yoast-schema-graph\">{\"@context\":\"https:\\\/\\\/schema.org\",\"@graph\":[{\"@type\":\"WebPage\",\"@id\":\"https:\\\/\\\/chateau-vaugaudry.fr\\\/le-domaine\\\/\",\"url\":\"https:\\\/\\\/chateau-vaugaudry.fr\\\/le-domaine\\\/\",\"name\":\"D\u00e9couvrez l'historique du domaine et de notre vignoble\",\"isPartOf\":{\"@id\":\"https:\\\/\\\/chateau-vaugaudry.fr\\\/#website\"},\"primaryImageOfPage\":{\"@id\":\"https:\\\/\\\/chateau-vaugaudry.fr\\\/le-domaine\\\/#primaryimage\"},\"image\":{\"@id\":\"https:\\\/\\\/chateau-vaugaudry.fr\\\/le-domaine\\\/#primaryimage\"},\"thumbnailUrl\":\"https:\\\/\\\/chateau-vaugaudry.fr\\\/wp-content\\\/uploads\\\/chateau-de-vaugaudry-03.jpg\",\"datePublished\":\"2018-05-31T09:28:14+00:00\",\"dateModified\":\"2024-04-16T08:08:48+00:00\",\"description\":\"D\u00e9couvrez l'historique du domaine ch\u00e2teau de Vaugaudry et notre vignoble.\",\"inLanguage\":\"en-GB\",\"potentialAction\":[{\"@type\":\"ReadAction\",\"target\":[\"https:\\\/\\\/chateau-vaugaudry.fr\\\/le-domaine\\\/\"]}]},{\"@type\":\"ImageObject\",\"inLanguage\":\"en-GB\",\"@id\":\"https:\\\/\\\/chateau-vaugaudry.fr\\\/le-domaine\\\/#primaryimage\",\"url\":\"https:\\\/\\\/chateau-vaugaudry.fr\\\/wp-content\\\/uploads\\\/chateau-de-vaugaudry-03.jpg\",\"contentUrl\":\"https:\\\/\\\/chateau-vaugaudry.fr\\\/wp-content\\\/uploads\\\/chateau-de-vaugaudry-03.jpg\",\"width\":1920,\"height\":1280},{\"@type\":\"WebSite\",\"@id\":\"https:\\\/\\\/chateau-vaugaudry.fr\\\/#website\",\"url\":\"https:\\\/\\\/chateau-vaugaudry.fr\\\/\",\"name\":\"Ch\u00e2teau de Vaugaudry\",\"description\":\"Vins de Chinon et g\u00eetes en Touraine\",\"publisher\":{\"@id\":\"https:\\\/\\\/chateau-vaugaudry.fr\\\/#organization\"},\"potentialAction\":[{\"@type\":\"SearchAction\",\"target\":{\"@type\":\"EntryPoint\",\"urlTemplate\":\"https:\\\/\\\/chateau-vaugaudry.fr\\\/?s={search_term_string}\"},\"query-input\":{\"@type\":\"PropertyValueSpecification\",\"valueRequired\":true,\"valueName\":\"search_term_string\"}}],\"inLanguage\":\"en-GB\"},{\"@type\":\"Organization\",\"@id\":\"https:\\\/\\\/chateau-vaugaudry.fr\\\/#organization\",\"name\":\"Ch\u00e2teau de Vaugaudry\",\"url\":\"https:\\\/\\\/chateau-vaugaudry.fr\\\/\",\"logo\":{\"@type\":\"ImageObject\",\"inLanguage\":\"en-GB\",\"@id\":\"https:\\\/\\\/chateau-vaugaudry.fr\\\/#\\\/schema\\\/logo\\\/image\\\/\",\"url\":\"https:\\\/\\\/chateau-vaugaudry.fr\\\/wp-content\\\/uploads\\\/logo-vaugaudry.jpg\",\"contentUrl\":\"https:\\\/\\\/chateau-vaugaudry.fr\\\/wp-content\\\/uploads\\\/logo-vaugaudry.jpg\",\"width\":512,\"height\":512,\"caption\":\"Ch\u00e2teau de Vaugaudry\"},\"image\":{\"@id\":\"https:\\\/\\\/chateau-vaugaudry.fr\\\/#\\\/schema\\\/logo\\\/image\\\/\"}}]}<\/script>\n<!-- \/ Yoast SEO plugin. -->","yoast_head_json":{"title":"D\u00e9couvrez l'historique du domaine et de notre vignoble","description":"D\u00e9couvrez l'historique du domaine ch\u00e2teau de Vaugaudry et notre vignoble.","robots":{"index":"index","follow":"follow","max-snippet":"max-snippet:-1","max-image-preview":"max-image-preview:large","max-video-preview":"max-video-preview:-1"},"canonical":"https:\/\/chateau-vaugaudry.fr\/en\/le-domaine\/","og_locale":"en_GB","og_type":"article","og_title":"D\u00e9couvrez l'historique du domaine et de notre vignoble","og_description":"D\u00e9couvrez l'historique du domaine ch\u00e2teau de Vaugaudry et notre vignoble.","og_url":"https:\/\/chateau-vaugaudry.fr\/en\/le-domaine\/","og_site_name":"Ch\u00e2teau de Vaugaudry","article_modified_time":"2024-04-16T08:08:48+00:00","og_image":[{"width":1920,"height":1280,"url":"https:\/\/chateau-vaugaudry.fr\/wp-content\/uploads\/chateau-de-vaugaudry-03.jpg","type":"image\/jpeg"}],"twitter_card":"summary_large_image","twitter_misc":{"Est. reading time":"2 minutes"},"schema":{"@context":"https:\/\/schema.org","@graph":[{"@type":"WebPage","@id":"https:\/\/chateau-vaugaudry.fr\/le-domaine\/","url":"https:\/\/chateau-vaugaudry.fr\/le-domaine\/","name":"D\u00e9couvrez l'historique du domaine et de notre vignoble","isPartOf":{"@id":"https:\/\/chateau-vaugaudry.fr\/#website"},"primaryImageOfPage":{"@id":"https:\/\/chateau-vaugaudry.fr\/le-domaine\/#primaryimage"},"image":{"@id":"https:\/\/chateau-vaugaudry.fr\/le-domaine\/#primaryimage"},"thumbnailUrl":"https:\/\/chateau-vaugaudry.fr\/wp-content\/uploads\/chateau-de-vaugaudry-03.jpg","datePublished":"2018-05-31T09:28:14+00:00","dateModified":"2024-04-16T08:08:48+00:00","description":"D\u00e9couvrez l'historique du domaine ch\u00e2teau de Vaugaudry et notre vignoble.","inLanguage":"en-GB","potentialAction":[{"@type":"ReadAction","target":["https:\/\/chateau-vaugaudry.fr\/le-domaine\/"]}]},{"@type":"ImageObject","inLanguage":"en-GB","@id":"https:\/\/chateau-vaugaudry.fr\/le-domaine\/#primaryimage","url":"https:\/\/chateau-vaugaudry.fr\/wp-content\/uploads\/chateau-de-vaugaudry-03.jpg","contentUrl":"https:\/\/chateau-vaugaudry.fr\/wp-content\/uploads\/chateau-de-vaugaudry-03.jpg","width":1920,"height":1280},{"@type":"WebSite","@id":"https:\/\/chateau-vaugaudry.fr\/#website","url":"https:\/\/chateau-vaugaudry.fr\/","name":"Ch\u00e2teau de Vaugaudry","description":"Vins de Chinon et g\u00eetes en Touraine","publisher":{"@id":"https:\/\/chateau-vaugaudry.fr\/#organization"},"potentialAction":[{"@type":"SearchAction","target":{"@type":"EntryPoint","urlTemplate":"https:\/\/chateau-vaugaudry.fr\/?s={search_term_string}"},"query-input":{"@type":"PropertyValueSpecification","valueRequired":true,"valueName":"search_term_string"}}],"inLanguage":"en-GB"},{"@type":"Organization","@id":"https:\/\/chateau-vaugaudry.fr\/#organization","name":"Ch\u00e2teau de Vaugaudry","url":"https:\/\/chateau-vaugaudry.fr\/","logo":{"@type":"ImageObject","inLanguage":"en-GB","@id":"https:\/\/chateau-vaugaudry.fr\/#\/schema\/logo\/image\/","url":"https:\/\/chateau-vaugaudry.fr\/wp-content\/uploads\/logo-vaugaudry.jpg","contentUrl":"https:\/\/chateau-vaugaudry.fr\/wp-content\/uploads\/logo-vaugaudry.jpg","width":512,"height":512,"caption":"Ch\u00e2teau de Vaugaudry"},"image":{"@id":"https:\/\/chateau-vaugaudry.fr\/#\/schema\/logo\/image\/"}}]}},"_links":{"self":[{"href":"https:\/\/chateau-vaugaudry.fr\/en\/wp-json\/wp\/v2\/pages\/74","targetHints":{"allow":["GET"]}}],"collection":[{"href":"https:\/\/chateau-vaugaudry.fr\/en\/wp-json\/wp\/v2\/pages"}],"about":[{"href":"https:\/\/chateau-vaugaudry.fr\/en\/wp-json\/wp\/v2\/types\/page"}],"author":[{"embeddable":true,"href":"https:\/\/chateau-vaugaudry.fr\/en\/wp-json\/wp\/v2\/users\/1"}],"replies":[{"embeddable":true,"href":"https:\/\/chateau-vaugaudry.fr\/en\/wp-json\/wp\/v2\/comments?post=74"}],"version-history":[{"count":3,"href":"https:\/\/chateau-vaugaudry.fr\/en\/wp-json\/wp\/v2\/pages\/74\/revisions"}],"predecessor-version":[{"id":1016,"href":"https:\/\/chateau-vaugaudry.fr\/en\/wp-json\/wp\/v2\/pages\/74\/revisions\/1016"}],"wp:featuredmedia":[{"embeddable":true,"href":"https:\/\/chateau-vaugaudry.fr\/en\/wp-json\/wp\/v2\/media\/995"}],"wp:attachment":[{"href":"https:\/\/chateau-vaugaudry.fr\/en\/wp-json\/wp\/v2\/media?parent=74"}],"curies":[{"name":"wp","href":"https:\/\/api.w.org\/{rel}","templated":true}]}}