{"id":93,"date":"2018-06-04T09:52:38","date_gmt":"2018-06-04T07:52:38","guid":{"rendered":"https:\/\/chateau-vaugaudry.fr\/?page_id=93"},"modified":"2024-04-05T12:17:47","modified_gmt":"2024-04-05T10:17:47","slug":"contactez-nous","status":"publish","type":"page","link":"https:\/\/chateau-vaugaudry.fr\/en\/contactez-nous\/","title":{"rendered":"Contact us"},"content":{"rendered":"<!DOCTYPE html PUBLIC \"-\/\/W3C\/\/DTD HTML 4.0 Transitional\/\/EN\" \"http:\/\/www.w3.org\/TR\/REC-html40\/loose.dtd\">\n<html><head>\n<\/head><body><p>To find out our wines available for sale and our prices, or for information on our lodgings, do not hesitate to contact us, specifying your request and your mobile number so that we can call you back.<\/p>\n\n\n    <form id=\"ajax-form\" class=\"ajax-form mt-6\" action=\"\">\r\n\r\n        <input type=\"hidden\" id=\"ajax-form-nonce\" name=\"ajax-form-nonce\" value=\"371173300a\"><input type=\"hidden\" name=\"_wp_http_referer\" value=\"\/en\/wp-json\/wp\/v2\/pages\/93\">\r\n        <div class=\"field\">\r\n            <label class=\"label\">First name *<\/label>\r\n            <div class=\"control\">\r\n                <input class=\"input required\" type=\"text\" name=\"prenom\" id=\"prenom\" placeholder=\"Your first name\">\r\n            <\/div>\r\n        <\/div>\r\n\r\n        <div class=\"field\">\r\n            <label class=\"label\">Name *<\/label>\r\n            <div class=\"control\">\r\n                <input class=\"input required\" type=\"text\" name=\"nom\" id=\"nom\" placeholder=\"Your name\">\r\n            <\/div>\r\n        <\/div>\r\n\r\n        <div class=\"field\">\r\n            <label class=\"label\">Phone *<\/label>\r\n            <div class=\"control\">\r\n                <input class=\"input required\" type=\"text\" name=\"telephone\" id=\"telephone\" placeholder=\"Your phone number\">\r\n            <\/div>\r\n        <\/div>\r\n\r\n        <div class=\"field\">\r\n            <label class=\"label\">E-mail *<\/label>\r\n            <div class=\"control\">\r\n                <input class=\"input required\" type=\"email\" name=\"email\" id=\"email\" placeholder=\"Votre Email\">\r\n            <\/div>\r\n        <\/div>\r\n        \r\n        <!-- HoneyPot -->\r\n        <input class=\"input is-hidden\" type=\"text\" name=\"questionsecrete\" id=\"questionsecrete\" placeholder=\"Question secr&ecirc;te\">\r\n\r\n        <div class=\"field\">\r\n            <label class=\"label\">Subject<\/label>\r\n            <div class=\"control is-expanded\">\r\n                <div class=\"select is-fullwidth\">\r\n                    <select name=\"sujet\" id=\"sujet\" class=\"required\">\r\n                        <option>Informations<\/option><option>Wines<\/option><option>Lodges<\/option>                    <\/select>\r\n                <\/div>\r\n            <\/div>\r\n        <\/div>\r\n\r\n        <div class=\"field\">\r\n            <label class=\"label\">Message<\/label>\r\n            <div class=\"control\">\r\n                <textarea class=\"textarea\" name=\"message\" id=\"message\" placeholder=\"Your message\"><\/textarea>\r\n            <\/div>\r\n        <\/div>\r\n\r\n        <div class=\"field\">\r\n            <div id=\"ajax_response\"><\/div>\r\n        <\/div>\r\n\r\n        <div class=\"field\">\r\n            <div class=\"control\">\r\n                <label class=\"checkbox\">\r\n                    <input type=\"checkbox\" name=\"rgpd\" id=\"rgpd\">\r\n                    I agree that the information entered will be used to contact me *\r\n                <\/label>\r\n            <\/div>\r\n        <\/div>\r\n\r\n        <div class=\"field\">\r\n            <button class=\"button is-primary px-5\" disabled>SEND<\/button>\r\n        <\/div>\r\n\r\n    <input type=\"hidden\" name=\"trp-form-language\" value=\"en\"\/><\/form>\r\n    \n<\/body><\/html>","protected":false},"excerpt":{"rendered":"<p>To find out our wines available for sale and our prices, or for information on our lodgings, do not hesitate to contact us, specifying your request and your mobile number so that we can call you back.<\/p>","protected":false},"author":1,"featured_media":992,"parent":0,"menu_order":0,"comment_status":"closed","ping_status":"closed","template":"","meta":{"_acf_changed":false,"footnotes":""},"class_list":["post-93","page","type-page","status-publish","has-post-thumbnail","hentry"],"acf":[],"yoast_head":"<!-- This site is optimized with the Yoast SEO plugin v27.3 - https:\/\/yoast.com\/product\/yoast-seo-wordpress\/ -->\n<title>Contactez-nous - Ch\u00e2teau de Vaugaudry<\/title>\n<meta name=\"description\" content=\"Contactez nous pour tous renseignements sur nos vins ou la r\u00e9servation des nos g\u00eetes.\" \/>\n<meta name=\"robots\" content=\"index, follow, max-snippet:-1, max-image-preview:large, max-video-preview:-1\" \/>\n<link rel=\"canonical\" href=\"https:\/\/chateau-vaugaudry.fr\/en\/contactez-nous\/\" \/>\n<meta property=\"og:locale\" content=\"en_GB\" \/>\n<meta property=\"og:type\" content=\"article\" \/>\n<meta property=\"og:title\" content=\"Contactez-nous - Ch\u00e2teau de Vaugaudry\" \/>\n<meta property=\"og:description\" content=\"Contactez nous pour tous renseignements sur nos vins ou la r\u00e9servation des nos g\u00eetes.\" \/>\n<meta property=\"og:url\" content=\"https:\/\/chateau-vaugaudry.fr\/en\/contactez-nous\/\" \/>\n<meta property=\"og:site_name\" content=\"Ch\u00e2teau de Vaugaudry\" \/>\n<meta property=\"article:modified_time\" content=\"2024-04-05T10:17:47+00:00\" \/>\n<meta property=\"og:image\" content=\"https:\/\/chateau-vaugaudry.fr\/wp-content\/uploads\/chateau-de-vaugaudry-00.jpg\" \/>\n\t<meta property=\"og:image:width\" content=\"1920\" \/>\n\t<meta property=\"og:image:height\" content=\"1280\" \/>\n\t<meta property=\"og:image:type\" content=\"image\/jpeg\" \/>\n<meta name=\"twitter:card\" content=\"summary_large_image\" \/>\n<meta name=\"twitter:label1\" content=\"Est. reading time\" \/>\n\t<meta name=\"twitter:data1\" content=\"1 minute\" \/>\n<script type=\"application\/ld+json\" class=\"yoast-schema-graph\">{\"@context\":\"https:\\\/\\\/schema.org\",\"@graph\":[{\"@type\":\"WebPage\",\"@id\":\"https:\\\/\\\/chateau-vaugaudry.fr\\\/contactez-nous\\\/\",\"url\":\"https:\\\/\\\/chateau-vaugaudry.fr\\\/contactez-nous\\\/\",\"name\":\"Contactez-nous - Ch\u00e2teau de Vaugaudry\",\"isPartOf\":{\"@id\":\"https:\\\/\\\/chateau-vaugaudry.fr\\\/#website\"},\"primaryImageOfPage\":{\"@id\":\"https:\\\/\\\/chateau-vaugaudry.fr\\\/contactez-nous\\\/#primaryimage\"},\"image\":{\"@id\":\"https:\\\/\\\/chateau-vaugaudry.fr\\\/contactez-nous\\\/#primaryimage\"},\"thumbnailUrl\":\"https:\\\/\\\/chateau-vaugaudry.fr\\\/wp-content\\\/uploads\\\/chateau-de-vaugaudry-00.jpg\",\"datePublished\":\"2018-06-04T07:52:38+00:00\",\"dateModified\":\"2024-04-05T10:17:47+00:00\",\"description\":\"Contactez nous pour tous renseignements sur nos vins ou la r\u00e9servation des nos g\u00eetes.\",\"inLanguage\":\"en-GB\",\"potentialAction\":[{\"@type\":\"ReadAction\",\"target\":[\"https:\\\/\\\/chateau-vaugaudry.fr\\\/contactez-nous\\\/\"]}]},{\"@type\":\"ImageObject\",\"inLanguage\":\"en-GB\",\"@id\":\"https:\\\/\\\/chateau-vaugaudry.fr\\\/contactez-nous\\\/#primaryimage\",\"url\":\"https:\\\/\\\/chateau-vaugaudry.fr\\\/wp-content\\\/uploads\\\/chateau-de-vaugaudry-00.jpg\",\"contentUrl\":\"https:\\\/\\\/chateau-vaugaudry.fr\\\/wp-content\\\/uploads\\\/chateau-de-vaugaudry-00.jpg\",\"width\":1920,\"height\":1280},{\"@type\":\"WebSite\",\"@id\":\"https:\\\/\\\/chateau-vaugaudry.fr\\\/#website\",\"url\":\"https:\\\/\\\/chateau-vaugaudry.fr\\\/\",\"name\":\"Ch\u00e2teau de Vaugaudry\",\"description\":\"Vins de Chinon et g\u00eetes en Touraine\",\"publisher\":{\"@id\":\"https:\\\/\\\/chateau-vaugaudry.fr\\\/#organization\"},\"potentialAction\":[{\"@type\":\"SearchAction\",\"target\":{\"@type\":\"EntryPoint\",\"urlTemplate\":\"https:\\\/\\\/chateau-vaugaudry.fr\\\/?s={search_term_string}\"},\"query-input\":{\"@type\":\"PropertyValueSpecification\",\"valueRequired\":true,\"valueName\":\"search_term_string\"}}],\"inLanguage\":\"en-GB\"},{\"@type\":\"Organization\",\"@id\":\"https:\\\/\\\/chateau-vaugaudry.fr\\\/#organization\",\"name\":\"Ch\u00e2teau de Vaugaudry\",\"url\":\"https:\\\/\\\/chateau-vaugaudry.fr\\\/\",\"logo\":{\"@type\":\"ImageObject\",\"inLanguage\":\"en-GB\",\"@id\":\"https:\\\/\\\/chateau-vaugaudry.fr\\\/#\\\/schema\\\/logo\\\/image\\\/\",\"url\":\"https:\\\/\\\/chateau-vaugaudry.fr\\\/wp-content\\\/uploads\\\/logo-vaugaudry.jpg\",\"contentUrl\":\"https:\\\/\\\/chateau-vaugaudry.fr\\\/wp-content\\\/uploads\\\/logo-vaugaudry.jpg\",\"width\":512,\"height\":512,\"caption\":\"Ch\u00e2teau de Vaugaudry\"},\"image\":{\"@id\":\"https:\\\/\\\/chateau-vaugaudry.fr\\\/#\\\/schema\\\/logo\\\/image\\\/\"}}]}<\/script>\n<!-- \/ Yoast SEO plugin. -->","yoast_head_json":{"title":"Contactez-nous - Ch\u00e2teau de Vaugaudry","description":"Contactez nous pour tous renseignements sur nos vins ou la r\u00e9servation des nos g\u00eetes.","robots":{"index":"index","follow":"follow","max-snippet":"max-snippet:-1","max-image-preview":"max-image-preview:large","max-video-preview":"max-video-preview:-1"},"canonical":"https:\/\/chateau-vaugaudry.fr\/en\/contactez-nous\/","og_locale":"en_GB","og_type":"article","og_title":"Contactez-nous - Ch\u00e2teau de Vaugaudry","og_description":"Contactez nous pour tous renseignements sur nos vins ou la r\u00e9servation des nos g\u00eetes.","og_url":"https:\/\/chateau-vaugaudry.fr\/en\/contactez-nous\/","og_site_name":"Ch\u00e2teau de Vaugaudry","article_modified_time":"2024-04-05T10:17:47+00:00","og_image":[{"width":1920,"height":1280,"url":"https:\/\/chateau-vaugaudry.fr\/wp-content\/uploads\/chateau-de-vaugaudry-00.jpg","type":"image\/jpeg"}],"twitter_card":"summary_large_image","twitter_misc":{"Est. reading time":"1 minute"},"schema":{"@context":"https:\/\/schema.org","@graph":[{"@type":"WebPage","@id":"https:\/\/chateau-vaugaudry.fr\/contactez-nous\/","url":"https:\/\/chateau-vaugaudry.fr\/contactez-nous\/","name":"Contactez-nous - Ch\u00e2teau de Vaugaudry","isPartOf":{"@id":"https:\/\/chateau-vaugaudry.fr\/#website"},"primaryImageOfPage":{"@id":"https:\/\/chateau-vaugaudry.fr\/contactez-nous\/#primaryimage"},"image":{"@id":"https:\/\/chateau-vaugaudry.fr\/contactez-nous\/#primaryimage"},"thumbnailUrl":"https:\/\/chateau-vaugaudry.fr\/wp-content\/uploads\/chateau-de-vaugaudry-00.jpg","datePublished":"2018-06-04T07:52:38+00:00","dateModified":"2024-04-05T10:17:47+00:00","description":"Contactez nous pour tous renseignements sur nos vins ou la r\u00e9servation des nos g\u00eetes.","inLanguage":"en-GB","potentialAction":[{"@type":"ReadAction","target":["https:\/\/chateau-vaugaudry.fr\/contactez-nous\/"]}]},{"@type":"ImageObject","inLanguage":"en-GB","@id":"https:\/\/chateau-vaugaudry.fr\/contactez-nous\/#primaryimage","url":"https:\/\/chateau-vaugaudry.fr\/wp-content\/uploads\/chateau-de-vaugaudry-00.jpg","contentUrl":"https:\/\/chateau-vaugaudry.fr\/wp-content\/uploads\/chateau-de-vaugaudry-00.jpg","width":1920,"height":1280},{"@type":"WebSite","@id":"https:\/\/chateau-vaugaudry.fr\/#website","url":"https:\/\/chateau-vaugaudry.fr\/","name":"Ch\u00e2teau de Vaugaudry","description":"Vins de Chinon et g\u00eetes en Touraine","publisher":{"@id":"https:\/\/chateau-vaugaudry.fr\/#organization"},"potentialAction":[{"@type":"SearchAction","target":{"@type":"EntryPoint","urlTemplate":"https:\/\/chateau-vaugaudry.fr\/?s={search_term_string}"},"query-input":{"@type":"PropertyValueSpecification","valueRequired":true,"valueName":"search_term_string"}}],"inLanguage":"en-GB"},{"@type":"Organization","@id":"https:\/\/chateau-vaugaudry.fr\/#organization","name":"Ch\u00e2teau de Vaugaudry","url":"https:\/\/chateau-vaugaudry.fr\/","logo":{"@type":"ImageObject","inLanguage":"en-GB","@id":"https:\/\/chateau-vaugaudry.fr\/#\/schema\/logo\/image\/","url":"https:\/\/chateau-vaugaudry.fr\/wp-content\/uploads\/logo-vaugaudry.jpg","contentUrl":"https:\/\/chateau-vaugaudry.fr\/wp-content\/uploads\/logo-vaugaudry.jpg","width":512,"height":512,"caption":"Ch\u00e2teau de Vaugaudry"},"image":{"@id":"https:\/\/chateau-vaugaudry.fr\/#\/schema\/logo\/image\/"}}]}},"_links":{"self":[{"href":"https:\/\/chateau-vaugaudry.fr\/en\/wp-json\/wp\/v2\/pages\/93","targetHints":{"allow":["GET"]}}],"collection":[{"href":"https:\/\/chateau-vaugaudry.fr\/en\/wp-json\/wp\/v2\/pages"}],"about":[{"href":"https:\/\/chateau-vaugaudry.fr\/en\/wp-json\/wp\/v2\/types\/page"}],"author":[{"embeddable":true,"href":"https:\/\/chateau-vaugaudry.fr\/en\/wp-json\/wp\/v2\/users\/1"}],"replies":[{"embeddable":true,"href":"https:\/\/chateau-vaugaudry.fr\/en\/wp-json\/wp\/v2\/comments?post=93"}],"version-history":[{"count":1,"href":"https:\/\/chateau-vaugaudry.fr\/en\/wp-json\/wp\/v2\/pages\/93\/revisions"}],"predecessor-version":[{"id":1010,"href":"https:\/\/chateau-vaugaudry.fr\/en\/wp-json\/wp\/v2\/pages\/93\/revisions\/1010"}],"wp:featuredmedia":[{"embeddable":true,"href":"https:\/\/chateau-vaugaudry.fr\/en\/wp-json\/wp\/v2\/media\/992"}],"wp:attachment":[{"href":"https:\/\/chateau-vaugaudry.fr\/en\/wp-json\/wp\/v2\/media?parent=93"}],"curies":[{"name":"wp","href":"https:\/\/api.w.org\/{rel}","templated":true}]}}